{"id":16,"date":"2015-11-26T05:25:43","date_gmt":"2015-11-26T05:25:43","guid":{"rendered":"http:\/\/wp.dirknowak.de\/?page_id=16"},"modified":"2016-03-10T15:36:55","modified_gmt":"2016-03-10T14:36:55","slug":"leistungen","status":"publish","type":"page","link":"http:\/\/wp.dirknowak.de\/?page_id=16","title":{"rendered":"LEISTUNGEN"},"content":{"rendered":"<p>&nbsp;<\/p>\n<p><strong>Leistungsspektrum<\/strong><\/p>\n<hr \/>\n<p>Arch\u00e4ologische Bodenfunde und kunsthistorische Objekte k\u00f6nnen aus verschiedenen Materialien bestehen:<br \/>\n\u2022 Eisen<br \/>\n\u2022 Nichteisenmetalle<br \/>\n\u2022 Edelmetalle<br \/>\n\u2022 Glas und Keramik<br \/>\n\u2022 Mosaike und Wandmalereien<br \/>\n\u2022 Organisches Fundgut<\/p>\n<p>All diese Materialien k\u00f6nnen in meiner Werkstatt bearbeitet werden<\/p>\n<p>&nbsp;<\/p>\n<p><strong>Methoden<\/strong><\/p>\n<hr \/>\n<p><strong>Reinigung \/ Freilegung<\/strong><br \/>\n\u2022 Trockeneisstrahlen<br \/>\n\u2022 Trockenreinigung<br \/>\n\u2022 Schleifen<br \/>\n\u2022 Sandstrahlen<br \/>\n\u2022 Ultraschallverfahren<br \/>\n\u2022 Schaben<br \/>\n\u2022 Nass- und nasschemische Reinigung<\/p>\n<p><strong>Konservierung<\/strong><br \/>\n\u2022 Passivierung<br \/>\n\u2022 Tr\u00e4nkung<br \/>\n\u2022 Schutz\u00fcberzug<\/p>\n<p><strong>R\u00fcckformungen<\/strong><br \/>\n\u2022 R\u00fcckformungen an Originalsubstanz<br \/>\n\u2022 R\u00fcckformungen an der Kopie<\/p>\n<p><strong>Klebung und Erg\u00e4nzung \u2013 Rekonstruktion<\/strong><\/p>\n<p>&nbsp;<\/p>\n<p><strong>Weitere Leistungen<\/strong><\/p>\n<hr \/>\n<p><strong>Kopienbau<\/strong><br \/>\n<strong>Ausstellungsbau mit Auf- und Abbau<\/strong><br \/>\n<strong>Dokumentation<\/strong><br \/>\n<strong>Referate, F\u00fchrungen, Vortr\u00e4ge, Fachbeitr\u00e4ge in Fachjournalen<\/strong><br \/>\n<strong>Spezialverpackungsbau<\/strong><br \/>\n<strong>Versicherungen<\/strong><br \/>\n<strong>Eigene Forschung<\/strong><br \/>\n<strong>Zusammenarbeit mit fach\u00fcbergreifenden Disziplinen \u00a0Konzeptionierung von Ausstellungen, in Design und Ausf\u00fchrung<\/strong><\/p>\n<p>&nbsp;<\/p>\n","protected":false},"excerpt":{"rendered":"<p>&nbsp; Leistungsspektrum Arch\u00e4ologische Bodenfunde und kunsthistorische Objekte k\u00f6nnen aus verschiedenen Materialien bestehen: \u2022 Eisen \u2022 Nichteisenmetalle \u2022 Edelmetalle \u2022 Glas und Keramik \u2022 Mosaike und Wandmalereien \u2022 Organisches Fundgut All diese Materialien k\u00f6nnen in meiner Werkstatt bearbeitet werden &nbsp; Methoden Reinigung \/ Freilegung \u2022 Trockeneisstrahlen \u2022 Trockenreinigung \u2022 Schleifen \u2022 Sandstrahlen \u2022 Ultraschallverfahren \u2022 Schaben \u2022 Nass- und nasschemische Reinigung&#8230; <a href=\"http:\/\/wp.dirknowak.de\/?page_id=16\">weiterlesen &raquo;<\/a><\/p>\n","protected":false},"author":1,"featured_media":0,"parent":0,"menu_order":3,"comment_status":"closed","ping_status":"closed","template":"","meta":{"ngg_post_thumbnail":0,"footnotes":""},"class_list":["post-16","page","type-page","status-publish","hentry"],"_links":{"self":[{"href":"http:\/\/wp.dirknowak.de\/index.php?rest_route=\/wp\/v2\/pages\/16","targetHints":{"allow":["GET"]}}],"collection":[{"href":"http:\/\/wp.dirknowak.de\/index.php?rest_route=\/wp\/v2\/pages"}],"about":[{"href":"http:\/\/wp.dirknowak.de\/index.php?rest_route=\/wp\/v2\/types\/page"}],"author":[{"embeddable":true,"href":"http:\/\/wp.dirknowak.de\/index.php?rest_route=\/wp\/v2\/users\/1"}],"replies":[{"embeddable":true,"href":"http:\/\/wp.dirknowak.de\/index.php?rest_route=%2Fwp%2Fv2%2Fcomments&post=16"}],"version-history":[{"count":8,"href":"http:\/\/wp.dirknowak.de\/index.php?rest_route=\/wp\/v2\/pages\/16\/revisions"}],"predecessor-version":[{"id":241,"href":"http:\/\/wp.dirknowak.de\/index.php?rest_route=\/wp\/v2\/pages\/16\/revisions\/241"}],"wp:attachment":[{"href":"http:\/\/wp.dirknowak.de\/index.php?rest_route=%2Fwp%2Fv2%2Fmedia&parent=16"}],"curies":[{"name":"wp","href":"https:\/\/api.w.org\/{rel}","templated":true}]}}