{"id":19,"date":"2015-11-26T05:26:46","date_gmt":"2015-11-26T05:26:46","guid":{"rendered":"http:\/\/wp.dirknowak.de\/?page_id=19"},"modified":"2017-07-19T13:30:57","modified_gmt":"2017-07-19T12:30:57","slug":"referenzen","status":"publish","type":"page","link":"http:\/\/wp.dirknowak.de\/?page_id=19","title":{"rendered":"REFERENZEN"},"content":{"rendered":"<p>&nbsp;<\/p>\n<p><strong>Brunnenreinigung Wangener (Allg\u00e4u) Bronzebrunnen durch Trockeneisstrahlen<\/strong><\/p>\n<hr>\n<p><img loading=\"lazy\" decoding=\"async\" class=\"alignnone wp-image-166\" src=\"http:\/\/wp.dirknowak.de\/wp-content\/uploads\/2015\/11\/brunnen.jpg\" alt=\"brunnen\" width=\"615\" height=\"226\" srcset=\"http:\/\/wp.dirknowak.de\/wp-content\/uploads\/2015\/11\/brunnen.jpg 775w, http:\/\/wp.dirknowak.de\/wp-content\/uploads\/2015\/11\/brunnen-300x110.jpg 300w, http:\/\/wp.dirknowak.de\/wp-content\/uploads\/2015\/11\/brunnen-768x282.jpg 768w, http:\/\/wp.dirknowak.de\/wp-content\/uploads\/2015\/11\/brunnen-624x229.jpg 624w\" sizes=\"auto, (max-width: 615px) 100vw, 615px\" \/><\/p>\n<p>Die drei Brunnen sollten ohne Chemie, ohne weitere Besch\u00e4digungen bei Erhaltung der Patina m\u00f6glichst umweltfreundlich gereinigt werden. Nasschemische Verfahren waren wegen der Umweltvertr\u00e4glichkeit durch abs\u00e4uern und den dabei erhaltenen Eintrag von S\u00e4uren und Metallsalzl\u00f6sungen ins Abwasser untragbar. Auch die gesundheitssch\u00e4dlichen Chemikalien &amp; Gefahrenstoffe h\u00e4tten erh\u00f6hte Schutzma\u00dfnahmen f\u00fcr Mitarbeiter (wie z.B. langwierige Einsatzzeiten unter Schutzkleidung) &amp; Passanten bedeutet.<br \/>\nBeim Sandstrahlen bestand die Gefahr, dass durch das abrassive Strahlen an der Oberfl\u00e4che beste Voraussetzungen zum Anhaften neuer Algen und Kalksinter geschaffen werden. Gleichzeitig besch\u00e4digen und verfremden diese Strahlverfahren die Ausdruckskraft der Figuren.<br \/>\n\u201eWir suchten nach einem Verfahren, bei dem die Brunnen mit Ihren filigranen Figuren nicht besch\u00e4digt werden und trotzdem eine kraftvolle Reinigung der fest anhaftenden Verkrustungen stattfinden konnte.<\/p>\n<p>Die Anforderungen der Objekte zur Erhaltung geben vor, welche Variante die schonendste sein kann und m\u00f6glicherweise am effektivsten hinsichtlich der wirtschaftlichen Umsetzung ist. Kommunalverwaltungen legen aktuell Wert auf reduzierte Emmissionen von Schadstoffen und anderen Belastungen f\u00fcr die B\u00fcrger.<\/p>\n<ul>\n<li>Die zu behandelnde Spalt- und Kontaktkorrosion die durch Vogel Kot, Zersetzungsprozesse und aufliegendes Laub voranschritten, sollten unterbunden werden. Ein Versiegelnder Schluss\u00fcberzug musste her.<\/li>\n<li>Der abschlie\u00dfende \u00dcberzug durch den Auf- \/Eintrag von mikrokristallinem Wachs am Bronzeguss sollte pr\u00e4ventiv die erneute Ansiedelung von Auflagen verringern und zu einer entkoppelnden Trennschicht f\u00fchren.<\/li>\n<\/ul>\n<p>Lesen Sie hierzu den Bericht des entstandenen Fallbeispiels f\u00fcr die Firma Coldjet.<a href=\"http:\/\/wp.dirknowak.de\/wp-content\/uploads\/2015\/12\/CS_Brunnenreinigung-in-der-Stadt-Wangen-DE-1.pdf\">PDF<\/a><\/p>\n<p>&nbsp;<\/p>\n<p>&nbsp;<\/p>\n<p><strong>Restaurierung und R\u00fcckformung des wahrscheinlich \u00e4ltesten Bronzehelm Europas aus dem Depotfund vom Piller, Gemeinde Fliess (Tirol)<\/strong><\/p>\n<hr>\n<p><img loading=\"lazy\" decoding=\"async\" class=\"alignnone wp-image-67 \" src=\"http:\/\/wp.dirknowak.de\/wp-content\/uploads\/2015\/11\/bild_helm-300x89.jpg\" alt=\"bild_helm\" width=\"602\" height=\"179\" srcset=\"http:\/\/wp.dirknowak.de\/wp-content\/uploads\/2015\/11\/bild_helm-300x89.jpg 300w, http:\/\/wp.dirknowak.de\/wp-content\/uploads\/2015\/11\/bild_helm.jpg 406w\" sizes=\"auto, (max-width: 602px) 100vw, 602px\" \/><\/p>\n<p>Aus einer Felsspalte am Piller Sattel der Gemeinde Flies, Tirol wurde 2001 ein Depotfund mit \u00fcber 350 Bronzeobjekten geborgen. Dieser bedeutende bronzezeitliche Hortfund wurde als \u201eSchatzfund vom Moosbruckschrofen\u201c* bezeichnet. Ende 2001 kamen zwei zusammengeh\u00f6rende Bronzeblechfragmente aus diesem \u201eSchatzfund\u201c nach Mainz ans R\u00f6misch-Germanische Zentralmuseum. Beide waren Teile eines Helmes des Typus \u201ePass Lueg\u201c. \u00dcbereinstimmung herrschte \u00fcber die Notwendigkeit einer Restaurierung, Abformung sowie R\u00fcckformung des Helmes, um die exakte Form und Gr\u00f6\u00dfe zu bestimmen und dem Museumsbesucher einen Eindruck des Erscheinungsbildes vom urspr\u00fcnglichen Helm zu vermitteln. Seit Anfang 2003 sind Original und r\u00fcckgeformte Kopie in Flie\u00df bei Landeck im Museum zu sehen. \u00dcber folgende Links erhalten Sie weitere wissenswerte Details \u00fcber dieses Projekt:<br \/>\nF\u00fcr den Bericht des ORF bitte <a href=\"http:\/\/sciencev1.orf.at\/science\/news\/21342\" target=\"_blank\" rel=\"noopener\">hier <\/a>klicken.<br \/>\n<a href=\"http:\/\/wp.dirknowak.de\/wp-content\/uploads\/2015\/11\/bericht_piller-helm.pdf\" target=\"_blank\" rel=\"noopener\">&gt; Restaurierungsbericht als pdf herunterladen<\/a><\/p>\n<p>&nbsp;<\/p>\n<p>&nbsp;<\/p>\n<p><strong>Rekonstruktion und Restaurierung des sogenannten \u201eSiemensmosaiks\u201c (= org. Mosaik Neutorstra\u00dfe)<\/strong><\/p>\n<hr>\n<p><img loading=\"lazy\" decoding=\"async\" class=\"alignnone wp-image-68 \" src=\"http:\/\/wp.dirknowak.de\/wp-content\/uploads\/2015\/11\/bild_mosaik-300x89.jpg\" alt=\"bild_mosaik\" width=\"603\" height=\"179\" srcset=\"http:\/\/wp.dirknowak.de\/wp-content\/uploads\/2015\/11\/bild_mosaik-300x89.jpg 300w, http:\/\/wp.dirknowak.de\/wp-content\/uploads\/2015\/11\/bild_mosaik.jpg 406w\" sizes=\"auto, (max-width: 603px) 100vw, 603px\" \/><\/p>\n<p>Zwischen Oktober 2003 und August 2004 wurden die \u00dcberreste des Mosaik Neutorstra\u00dfe \u2013 auch \u201eSiemensmosaik\u201c genannt \u2013 am Rheinischen-Landesmuseum-Trier aufw\u00e4ndigst restauriert.<br \/>\n<a href=\"http:\/\/wp.dirknowak.de\/wp-content\/uploads\/2015\/11\/bericht_mosaik.pdf\" target=\"_blank\" rel=\"noopener\">&gt; Restaurierungsbericht als pdf herunterladen<\/a><\/p>\n<p>&nbsp;<\/p>\n<p>&nbsp;<\/p>\n<p><strong>Keltischer Haarschmuck aus Gold<\/strong><\/p>\n<hr>\n<p><img loading=\"lazy\" decoding=\"async\" class=\"alignnone wp-image-69 \" src=\"http:\/\/wp.dirknowak.de\/wp-content\/uploads\/2015\/11\/bild_kugeln-300x89.jpg\" alt=\"bild_kugeln\" width=\"600\" height=\"178\" srcset=\"http:\/\/wp.dirknowak.de\/wp-content\/uploads\/2015\/11\/bild_kugeln-300x89.jpg 300w, http:\/\/wp.dirknowak.de\/wp-content\/uploads\/2015\/11\/bild_kugeln.jpg 406w\" sizes=\"auto, (max-width: 600px) 100vw, 600px\" \/><\/p>\n<p>Der Restaurierungsbericht des \u201eaufw\u00e4ndigsten Haargeschmeides aus Gold, das jemals von einer Frau im gesamten Westhallstattkreis getragen wurde\u201c, konnte erst k\u00fcrzlich am \u00d6sterreichischen Forschungszentrum D\u00fcrrnberg abgeschlossen werden.<\/p>\n<p>&nbsp;<\/p>\n<p>&nbsp;<\/p>\n<p><strong>Einzelarbeiten<\/strong><\/p>\n<hr>\n<p><strong>Produkt- Designentwicklungen<\/strong><br \/>\n\u2022 Filz-, Fell- und Ledertaschen<br \/>\n\u2022 Handytaschen<br \/>\n\u2022 Umh\u00e4ngetaschen<br \/>\n\u2022 Handtaschen<br \/>\n\u2022 Muffs<\/p>\n<p><strong>M\u00f6belentwicklungen<\/strong><br \/>\n\u2022 K\u00fcche<br \/>\n\u2022 Glastisch<br \/>\n\u2022 Filzm\u00f6bel<br \/>\n\u2022 Fellm\u00f6bel<\/p>\n<p><strong>Ideenschmiede<\/strong><br \/>\nZiel ist die Entstehung eines Forums, das eine Hilfestellung zur handwerklichen Machbarkeit und Umsetzung von k\u00fcnstlerischen Entw\u00fcrfen mit und von K\u00fcnstlern der Region wird.<\/p>\n<p>&nbsp;<\/p>\n<p><em>*J. Zeisler u. G. Tomedi, Bergung d. Schatzfundes am Moosbruckschrofen. ArchaeoTirol Band III, Jahrgang 2002<\/em><\/p>\n","protected":false},"excerpt":{"rendered":"<p>&nbsp; Brunnenreinigung Wangener (Allg\u00e4u) Bronzebrunnen durch Trockeneisstrahlen Die drei Brunnen sollten ohne Chemie, ohne weitere Besch\u00e4digungen bei Erhaltung der Patina m\u00f6glichst umweltfreundlich gereinigt werden. Nasschemische Verfahren waren wegen der Umweltvertr\u00e4glichkeit durch abs\u00e4uern und den dabei erhaltenen Eintrag von S\u00e4uren und Metallsalzl\u00f6sungen ins Abwasser untragbar. Auch die gesundheitssch\u00e4dlichen Chemikalien &amp; Gefahrenstoffe h\u00e4tten erh\u00f6hte Schutzma\u00dfnahmen f\u00fcr Mitarbeiter (wie z.B. langwierige Einsatzzeiten unter&#8230; <a href=\"http:\/\/wp.dirknowak.de\/?page_id=19\">weiterlesen &raquo;<\/a><\/p>\n","protected":false},"author":1,"featured_media":0,"parent":0,"menu_order":5,"comment_status":"closed","ping_status":"closed","template":"","meta":{"ngg_post_thumbnail":0,"footnotes":""},"class_list":["post-19","page","type-page","status-publish","hentry"],"_links":{"self":[{"href":"http:\/\/wp.dirknowak.de\/index.php?rest_route=\/wp\/v2\/pages\/19","targetHints":{"allow":["GET"]}}],"collection":[{"href":"http:\/\/wp.dirknowak.de\/index.php?rest_route=\/wp\/v2\/pages"}],"about":[{"href":"http:\/\/wp.dirknowak.de\/index.php?rest_route=\/wp\/v2\/types\/page"}],"author":[{"embeddable":true,"href":"http:\/\/wp.dirknowak.de\/index.php?rest_route=\/wp\/v2\/users\/1"}],"replies":[{"embeddable":true,"href":"http:\/\/wp.dirknowak.de\/index.php?rest_route=%2Fwp%2Fv2%2Fcomments&post=19"}],"version-history":[{"count":25,"href":"http:\/\/wp.dirknowak.de\/index.php?rest_route=\/wp\/v2\/pages\/19\/revisions"}],"predecessor-version":[{"id":295,"href":"http:\/\/wp.dirknowak.de\/index.php?rest_route=\/wp\/v2\/pages\/19\/revisions\/295"}],"wp:attachment":[{"href":"http:\/\/wp.dirknowak.de\/index.php?rest_route=%2Fwp%2Fv2%2Fmedia&parent=19"}],"curies":[{"name":"wp","href":"https:\/\/api.w.org\/{rel}","templated":true}]}}