{"id":8,"date":"2015-11-26T05:20:12","date_gmt":"2015-11-26T05:20:12","guid":{"rendered":"http:\/\/wp.dirknowak.de\/?page_id=8"},"modified":"2016-10-01T08:10:53","modified_gmt":"2016-10-01T07:10:53","slug":"start","status":"publish","type":"page","link":"http:\/\/wp.dirknowak.de\/","title":{"rendered":""},"content":{"rendered":"<p><strong>Was kann ich f\u00fcr Sie tun?<\/strong><\/p>\n<hr \/>\n<p>Mein Name ist Dirk Nowak. Ich bin Restaurator f\u00fcr arch\u00e4ologische Bodenfunde und kunsthistorische Objekte. Mein <a href=\"http:\/\/wp.dirknowak.de\/?page_id=16\">Leistungsspektrum <\/a>umfasst nahezu alle Gebiete der klassischen Restaurierung. Ob Metall-, Keramik oder Glas-Restaurierung: Hier bekommen Sie alle Leistungen aus einer Hand.<br \/>\nQualifiziert, pr\u00e4zise und von h\u00f6chster Qualit\u00e4t. Wenn Sie ein Projekt haben, nehmen Sie doch einfach <a href=\"http:\/\/wp.dirknowak.de\/?page_id=21\">Kontakt <\/a>mit mir auf. Ich freue mich auf neue Herausforderungen.<\/p>\n<p>Vereinbaren Sie einfach Ihren Wunschtermin gerne unter 07522 9784452 oder 0175 2069770.<\/p>\n<p>&nbsp;<\/p>\n<p>&nbsp;<br \/>\n<iframe loading=\"lazy\" width=\"560\" height=\"315\" src=\"https:\/\/www.youtube.com\/embed\/JNztbEiisUY\" frameborder=\"0\" allowfullscreen><\/iframe><\/p>\n<p>&nbsp;<\/p>\n<p><a href=\"http:\/\/wp.dirknowak.de\/wp-content\/uploads\/2015\/11\/neue_raeume.jpg\" rel=\"attachment wp-att-168\"><img loading=\"lazy\" decoding=\"async\" class=\"alignnone size-full wp-image-168\" src=\"http:\/\/wp.dirknowak.de\/wp-content\/uploads\/2015\/11\/neue_raeume.jpg\" alt=\"neue_raeume\" width=\"1391\" height=\"717\" srcset=\"http:\/\/wp.dirknowak.de\/wp-content\/uploads\/2015\/11\/neue_raeume.jpg 1391w, http:\/\/wp.dirknowak.de\/wp-content\/uploads\/2015\/11\/neue_raeume-300x155.jpg 300w, http:\/\/wp.dirknowak.de\/wp-content\/uploads\/2015\/11\/neue_raeume-768x396.jpg 768w, http:\/\/wp.dirknowak.de\/wp-content\/uploads\/2015\/11\/neue_raeume-1024x528.jpg 1024w, http:\/\/wp.dirknowak.de\/wp-content\/uploads\/2015\/11\/neue_raeume-624x322.jpg 624w\" sizes=\"auto, (max-width: 1391px) 100vw, 1391px\" \/><\/a><\/p>\n","protected":false},"excerpt":{"rendered":"<p>Was kann ich f\u00fcr Sie tun? Mein Name ist Dirk Nowak. Ich bin Restaurator f\u00fcr arch\u00e4ologische Bodenfunde und kunsthistorische Objekte. Mein Leistungsspektrum umfasst nahezu alle Gebiete der klassischen Restaurierung. Ob Metall-, Keramik oder Glas-Restaurierung: Hier bekommen Sie alle Leistungen aus einer Hand. Qualifiziert, pr\u00e4zise und von h\u00f6chster Qualit\u00e4t. Wenn Sie ein Projekt haben, nehmen Sie doch einfach Kontakt mit mir&#8230; <a href=\"http:\/\/wp.dirknowak.de\/\">weiterlesen &raquo;<\/a><\/p>\n","protected":false},"author":1,"featured_media":0,"parent":0,"menu_order":0,"comment_status":"closed","ping_status":"closed","template":"","meta":{"ngg_post_thumbnail":0,"footnotes":""},"class_list":["post-8","page","type-page","status-publish","hentry"],"_links":{"self":[{"href":"http:\/\/wp.dirknowak.de\/index.php?rest_route=\/wp\/v2\/pages\/8","targetHints":{"allow":["GET"]}}],"collection":[{"href":"http:\/\/wp.dirknowak.de\/index.php?rest_route=\/wp\/v2\/pages"}],"about":[{"href":"http:\/\/wp.dirknowak.de\/index.php?rest_route=\/wp\/v2\/types\/page"}],"author":[{"embeddable":true,"href":"http:\/\/wp.dirknowak.de\/index.php?rest_route=\/wp\/v2\/users\/1"}],"replies":[{"embeddable":true,"href":"http:\/\/wp.dirknowak.de\/index.php?rest_route=%2Fwp%2Fv2%2Fcomments&post=8"}],"version-history":[{"count":13,"href":"http:\/\/wp.dirknowak.de\/index.php?rest_route=\/wp\/v2\/pages\/8\/revisions"}],"predecessor-version":[{"id":275,"href":"http:\/\/wp.dirknowak.de\/index.php?rest_route=\/wp\/v2\/pages\/8\/revisions\/275"}],"wp:attachment":[{"href":"http:\/\/wp.dirknowak.de\/index.php?rest_route=%2Fwp%2Fv2%2Fmedia&parent=8"}],"curies":[{"name":"wp","href":"https:\/\/api.w.org\/{rel}","templated":true}]}}